{"id":2625,"date":"2021-05-21T17:37:47","date_gmt":"2021-05-21T17:37:47","guid":{"rendered":"https:\/\/didisoundupdate:8890\/?page_id=2625"},"modified":"2022-12-19T18:04:10","modified_gmt":"2022-12-19T17:04:10","slug":"contact","status":"publish","type":"page","link":"https:\/\/didi-sound.hr\/en\/contact\/","title":{"rendered":"Contact"},"content":{"rendered":"<p>[vc_row][vc_column]\n\n    <!-- Contacts -->\n\n\n    <main             class=\" vc_custom_1621618691033 main main-inner main-project \"\n            data-stellar-background-ratio=\"0.6\">\n        <div class=\"container\">\n            <header class=\"main-header\">\n                <h1>CONTACT<\/h1>\n\t\t\t\t                    <div class=\"project-title-info\">\n\t\t\t\t\t\t\n\n\t\t\t\t\t\t                    <\/div>\n\t\t\t\t            <\/header>\n        <\/div>\n\n        <!-- Lines -->\n\n        <div class=\"page-lines\">\n            <div class=\"container\">\n                <div class=\"col-line col-xs-4\">\n                    <div class=\"line\"><\/div>\n                <\/div>\n                <div class=\"col-line col-xs-4\">\n                    <div class=\"line\"><\/div>\n                <\/div>\n                <div class=\"col-line col-xs-4\">\n                    <div class=\"line\"><\/div>\n                    <div class=\"line\"><\/div>\n                <\/div>\n            <\/div>\n        <\/div>\n    <\/main>\n\t\n\n    <!-- Objects -->\n\n    <section             class=\"objects section  \">\n        <div class=\"container\">\n            <header class=\"section-header\">\n                <h2 class=\"section-title\">Our<span\n                            class=\"text-primary\">location<\/span><\/h2>\n            <\/header>\n            <div class=\"section-content\">\n                <div class=\"objects\">\n\t\t\t\t\t                    <img decoding=\"async\" alt=\"\" class=\"img-responsive\" src=\"https:\/\/didi-sound.hr\/wp-content\/uploads\/2016\/11\/map.png\">\n\n                    <!-- Objects -->\n\t\t\t\t\t                            <div class=\"object-label\"\n                                 style=\"left:49.7%; top:36.1%;\">\n                                <div class=\"object-info in   \">\n                                    <h3 class=\"object-title\">Zagreb<\/h3>\n                                    <div class=\"object-content\">\n\t\t\t\t\t\t\t\t\t\t00385 1 2910 722<br>\n                    info@didi-sound.hr<br>\n                    Banatska 28, 10040 Zagreb, Croatia                                    <\/div>\n                                <\/div>\n                            <\/div>\n\t\t\t\t\t\t\n                <\/div>\n            <\/div>\n        <\/div>\n    <\/section>\n\n\n\t[\/vc_column][\/vc_row][vc_row content_placement=&#8221;middle&#8221;][vc_column width=&#8221;1\/4&#8243;][\/vc_column][vc_column width=&#8221;1\/2&#8243;][vc_column_text]<\/p>\n<p style=\"text-align: center;\"><strong>Banatska 28<\/strong><br \/>\n<strong>10 040 Zagreb<\/strong><br \/>\n<strong>Phone \/ fax: 00385 1 2910 722<\/strong><br \/>\n<strong>E-mail: info@didi-sound.hr<\/strong><\/p>\n<p style=\"text-align: center;\"><strong>Director: ing. Du\u0161ko Cvetojevi\u0107 Didi<\/strong><br \/>\n<strong>GSM 098 282 220<\/strong><\/p>\n<p style=\"text-align: center;\"><strong>Procurator: Jasna Cvetojevi\u0107<\/strong><br \/>\n<strong>GSM 098 817 392<\/strong><\/p>\n<p>[\/vc_column_text][\/vc_column][vc_column width=&#8221;1\/4&#8243;][\/vc_column][\/vc_row][vc_row content_placement=&#8221;middle&#8221;][vc_column width=&#8221;1\/4&#8243;][\/vc_column][vc_column width=&#8221;1\/2&#8243;][vc_column_text]<\/p>\n<p style=\"text-align: center;\">Didi sound d.o.o. for organizing concerts and rental of sound systems and lighting<br \/>\nBanatska 28, 10040 Zagreb<br \/>\nMB: 01632370, OIB: 35863023030<br \/>\nCommercial Court in Zagreb, MBS: 080430288<br \/>\nRaiffeisen bank, Hrvatska HR9724840081101233492<br \/>\nManagement: Du\u0161an Cvetojevi\u0107, Jasna Cvetojevi\u0107<br \/>\nShare capital amount: 20.000,00 kn, paid in full<\/p>\n<p>[\/vc_column_text][\/vc_column][vc_column width=&#8221;1\/4&#8243;][\/vc_column][\/vc_row]<\/p>\n","protected":false},"excerpt":{"rendered":"<p>[vc_column width=&#8221;1\/2&#8243;][vc_column_text] Didi sound d.o.o. for organizing concerts and rental of sound systems and lighting Banatska 28, 10040 [&hellip;]<\/p>\n","protected":false},"author":1,"featured_media":0,"parent":0,"menu_order":0,"comment_status":"closed","ping_status":"closed","template":"template-fullwidth.php","meta":{"footnotes":""},"class_list":["post-2625","page","type-page","status-publish","hentry"],"yoast_head":"<!-- This site is optimized with the Yoast SEO plugin v26.6 - https:\/\/yoast.com\/wordpress\/plugins\/seo\/ -->\n<title>Contact - Didi sound<\/title>\n<meta name=\"robots\" content=\"index, follow, max-snippet:-1, max-image-preview:large, max-video-preview:-1\" \/>\n<link rel=\"canonical\" href=\"https:\/\/didi-sound.hr\/en\/contact\/\" \/>\n<meta property=\"og:locale\" content=\"en_US\" \/>\n<meta property=\"og:type\" content=\"article\" \/>\n<meta property=\"og:title\" content=\"Contact - Didi sound\" \/>\n<meta property=\"og:description\" content=\"[vc_column width=&#8221;1\/2&#8243;][vc_column_text] Didi sound d.o.o. for organizing concerts and rental of sound systems and lighting Banatska 28, 10040 [&hellip;]\" \/>\n<meta property=\"og:url\" content=\"https:\/\/didi-sound.hr\/en\/contact\/\" \/>\n<meta property=\"og:site_name\" content=\"Didi sound\" \/>\n<meta property=\"article:publisher\" content=\"https:\/\/www.facebook.com\/didisoundhr\/\" \/>\n<meta property=\"article:modified_time\" content=\"2022-12-19T17:04:10+00:00\" \/>\n<meta name=\"twitter:card\" content=\"summary_large_image\" \/>\n<meta name=\"twitter:label1\" content=\"Est. reading time\" \/>\n\t<meta name=\"twitter:data1\" content=\"1 minute\" \/>\n<script type=\"application\/ld+json\" class=\"yoast-schema-graph\">{\"@context\":\"https:\/\/schema.org\",\"@graph\":[{\"@type\":\"WebPage\",\"@id\":\"https:\/\/didi-sound.hr\/en\/contact\/\",\"url\":\"https:\/\/didi-sound.hr\/en\/contact\/\",\"name\":\"Contact - Didi sound\",\"isPartOf\":{\"@id\":\"https:\/\/didi-sound.hr\/#website\"},\"datePublished\":\"2021-05-21T17:37:47+00:00\",\"dateModified\":\"2022-12-19T17:04:10+00:00\",\"breadcrumb\":{\"@id\":\"https:\/\/didi-sound.hr\/en\/contact\/#breadcrumb\"},\"inLanguage\":\"en-US\",\"potentialAction\":[{\"@type\":\"ReadAction\",\"target\":[\"https:\/\/didi-sound.hr\/en\/contact\/\"]}]},{\"@type\":\"BreadcrumbList\",\"@id\":\"https:\/\/didi-sound.hr\/en\/contact\/#breadcrumb\",\"itemListElement\":[{\"@type\":\"ListItem\",\"position\":1,\"name\":\"Po\u010detna stranica\",\"item\":\"https:\/\/didi-sound.hr\/en\/\"},{\"@type\":\"ListItem\",\"position\":2,\"name\":\"Contact\"}]},{\"@type\":\"WebSite\",\"@id\":\"https:\/\/didi-sound.hr\/#website\",\"url\":\"https:\/\/didi-sound.hr\/\",\"name\":\"Didi sound - najam razglasa i rasvjete\",\"description\":\"Najam razglasa, rasvjete i audio opreme\",\"publisher\":{\"@id\":\"https:\/\/didi-sound.hr\/#organization\"},\"potentialAction\":[{\"@type\":\"SearchAction\",\"target\":{\"@type\":\"EntryPoint\",\"urlTemplate\":\"https:\/\/didi-sound.hr\/?s={search_term_string}\"},\"query-input\":{\"@type\":\"PropertyValueSpecification\",\"valueRequired\":true,\"valueName\":\"search_term_string\"}}],\"inLanguage\":\"en-US\"},{\"@type\":\"Organization\",\"@id\":\"https:\/\/didi-sound.hr\/#organization\",\"name\":\"Didi Sound\",\"url\":\"https:\/\/didi-sound.hr\/\",\"logo\":{\"@type\":\"ImageObject\",\"inLanguage\":\"en-US\",\"@id\":\"https:\/\/didi-sound.hr\/#\/schema\/logo\/image\/\",\"url\":\"https:\/\/didi-sound.hr\/wp-content\/uploads\/2019\/07\/didi-sound-logo-original.png\",\"contentUrl\":\"https:\/\/didi-sound.hr\/wp-content\/uploads\/2019\/07\/didi-sound-logo-original.png\",\"width\":480,\"height\":300,\"caption\":\"Didi Sound\"},\"image\":{\"@id\":\"https:\/\/didi-sound.hr\/#\/schema\/logo\/image\/\"},\"sameAs\":[\"https:\/\/www.facebook.com\/didisoundhr\/\"]}]}<\/script>\n<!-- \/ Yoast SEO plugin. -->","yoast_head_json":{"title":"Contact - Didi sound","robots":{"index":"index","follow":"follow","max-snippet":"max-snippet:-1","max-image-preview":"max-image-preview:large","max-video-preview":"max-video-preview:-1"},"canonical":"https:\/\/didi-sound.hr\/en\/contact\/","og_locale":"en_US","og_type":"article","og_title":"Contact - Didi sound","og_description":"[vc_column width=&#8221;1\/2&#8243;][vc_column_text] Didi sound d.o.o. for organizing concerts and rental of sound systems and lighting Banatska 28, 10040 [&hellip;]","og_url":"https:\/\/didi-sound.hr\/en\/contact\/","og_site_name":"Didi sound","article_publisher":"https:\/\/www.facebook.com\/didisoundhr\/","article_modified_time":"2022-12-19T17:04:10+00:00","twitter_card":"summary_large_image","twitter_misc":{"Est. reading time":"1 minute"},"schema":{"@context":"https:\/\/schema.org","@graph":[{"@type":"WebPage","@id":"https:\/\/didi-sound.hr\/en\/contact\/","url":"https:\/\/didi-sound.hr\/en\/contact\/","name":"Contact - Didi sound","isPartOf":{"@id":"https:\/\/didi-sound.hr\/#website"},"datePublished":"2021-05-21T17:37:47+00:00","dateModified":"2022-12-19T17:04:10+00:00","breadcrumb":{"@id":"https:\/\/didi-sound.hr\/en\/contact\/#breadcrumb"},"inLanguage":"en-US","potentialAction":[{"@type":"ReadAction","target":["https:\/\/didi-sound.hr\/en\/contact\/"]}]},{"@type":"BreadcrumbList","@id":"https:\/\/didi-sound.hr\/en\/contact\/#breadcrumb","itemListElement":[{"@type":"ListItem","position":1,"name":"Po\u010detna stranica","item":"https:\/\/didi-sound.hr\/en\/"},{"@type":"ListItem","position":2,"name":"Contact"}]},{"@type":"WebSite","@id":"https:\/\/didi-sound.hr\/#website","url":"https:\/\/didi-sound.hr\/","name":"Didi sound - najam razglasa i rasvjete","description":"Najam razglasa, rasvjete i audio opreme","publisher":{"@id":"https:\/\/didi-sound.hr\/#organization"},"potentialAction":[{"@type":"SearchAction","target":{"@type":"EntryPoint","urlTemplate":"https:\/\/didi-sound.hr\/?s={search_term_string}"},"query-input":{"@type":"PropertyValueSpecification","valueRequired":true,"valueName":"search_term_string"}}],"inLanguage":"en-US"},{"@type":"Organization","@id":"https:\/\/didi-sound.hr\/#organization","name":"Didi Sound","url":"https:\/\/didi-sound.hr\/","logo":{"@type":"ImageObject","inLanguage":"en-US","@id":"https:\/\/didi-sound.hr\/#\/schema\/logo\/image\/","url":"https:\/\/didi-sound.hr\/wp-content\/uploads\/2019\/07\/didi-sound-logo-original.png","contentUrl":"https:\/\/didi-sound.hr\/wp-content\/uploads\/2019\/07\/didi-sound-logo-original.png","width":480,"height":300,"caption":"Didi Sound"},"image":{"@id":"https:\/\/didi-sound.hr\/#\/schema\/logo\/image\/"},"sameAs":["https:\/\/www.facebook.com\/didisoundhr\/"]}]}},"_links":{"self":[{"href":"https:\/\/didi-sound.hr\/en\/wp-json\/wp\/v2\/pages\/2625","targetHints":{"allow":["GET"]}}],"collection":[{"href":"https:\/\/didi-sound.hr\/en\/wp-json\/wp\/v2\/pages"}],"about":[{"href":"https:\/\/didi-sound.hr\/en\/wp-json\/wp\/v2\/types\/page"}],"author":[{"embeddable":true,"href":"https:\/\/didi-sound.hr\/en\/wp-json\/wp\/v2\/users\/1"}],"replies":[{"embeddable":true,"href":"https:\/\/didi-sound.hr\/en\/wp-json\/wp\/v2\/comments?post=2625"}],"version-history":[{"count":10,"href":"https:\/\/didi-sound.hr\/en\/wp-json\/wp\/v2\/pages\/2625\/revisions"}],"predecessor-version":[{"id":3232,"href":"https:\/\/didi-sound.hr\/en\/wp-json\/wp\/v2\/pages\/2625\/revisions\/3232"}],"wp:attachment":[{"href":"https:\/\/didi-sound.hr\/en\/wp-json\/wp\/v2\/media?parent=2625"}],"curies":[{"name":"wp","href":"https:\/\/api.w.org\/{rel}","templated":true}]}}