{"id":3023,"date":"2021-05-21T19:51:46","date_gmt":"2021-05-21T19:51:46","guid":{"rendered":"https:\/\/didisoundupdate:8890\/?page_id=3023"},"modified":"2021-05-31T20:13:49","modified_gmt":"2021-05-31T20:13:49","slug":"about-us","status":"publish","type":"page","link":"https:\/\/didi-sound.hr\/en\/about-us\/","title":{"rendered":"About US"},"content":{"rendered":"<p>[vc_row][vc_column]\n\n    <!-- Contacts -->\n\n\n    <main             class=\" vc_custom_1621626705059 main main-inner main-project \"\n            data-stellar-background-ratio=\"0.6\">\n        <div class=\"container\">\n            <header class=\"main-header\">\n                <h1>About US<\/h1>\n\t\t\t\t                    <div class=\"project-title-info\">\n\t\t\t\t\t\t\n\n\t\t\t\t\t\t                    <\/div>\n\t\t\t\t            <\/header>\n        <\/div>\n\n        <!-- Lines -->\n\n        <div class=\"page-lines\">\n            <div class=\"container\">\n                <div class=\"col-line col-xs-4\">\n                    <div class=\"line\"><\/div>\n                <\/div>\n                <div class=\"col-line col-xs-4\">\n                    <div class=\"line\"><\/div>\n                <\/div>\n                <div class=\"col-line col-xs-4\">\n                    <div class=\"line\"><\/div>\n                    <div class=\"line\"><\/div>\n                <\/div>\n            <\/div>\n        <\/div>\n    <\/main>\n\t\n    <!-- About  -->\n\n    <section             class=\"about  section\">\n        <div class=\"container\">\n            <div class=\"entry\">\n                <h3 class=\"entry-title\">WE TURN EVENTS INTO <span\n                            class=\"text-primary\">ART<\/span><\/h3>\n                <div class=\"entry-text\">\n\t\t\t\t\tDidi sound d.o.o. is a professional company specialized in audio and video technology. Our core business is rental of sound systems, lighting and stages and we specialize in organization and performance of various events.<\/p>\n<p>Our long-term experience includes realizations of many events \u2013 companies anniversaries, dedication of the branches, various banquetes and promotions, concerts, shows\u2026 High professional standards, committed staff and quality of equipment guarantee the users of our services top solutions. Responsibility and seriousness guarantee the success of joint cooperation.<\/p>\n<p>Mr. Du\u0161ko Cvetojevi\u0107 Didi is the founder and director of Didi Sound d.o.o. company. He started his business activity in the fields of showbusiness thirty years ago as a technician (roader) of a group \u201cDrugi na\u010din\u201d that was popular back then. He worked as a D.J. in disco clubs at Jadran (disco club \u201cPla\u017ea\u201d, \u201cKuk\u201d and \u201cGROTTA\u201d in Makarska, disco club \u201cMarina\u201d in Biograd na moru, Jelsa \u201cStari mlin\u201d\u2026). Mr. Didi is known as the organizer and presenter of the best Freshers Balls in \u201880s (students of: Faculty of Mechanical Engineering, Faculty of Kinesiology, Faculty of Civil Engineering, Faculty of Architecture...)<\/p>\n<p>Didi sound has organized more than 300 concerts at the ``Heaven 88`` club for 5 years in it\u2019s own arrangement, and it has been recorded in various publications and TV stations.<\/p>\n<p>Didi sound\u2019s lighting and sound system was also installed in Zagreb's ``Tvornica kulture`` for 3 years, where we realized concerts of following musicians: Arsen Dedi\u0107, Zoran Predin, ``Femi Kuti``, ``Ko\u010dani orkestar``, Mi\u0161o Kova\u010d, Jura Stubli\u0107 and Film ``and many others.<\/p>\n<p>Since spring 2010, our Adamson Y Axis loudspeaker has been installed at the Boogaloo Club and our team has professionally made a complete audio production for the following concerts:<\/p>\n<p>Zabranjeno pu\u0161enje<br \/>\nPicksiebner<br \/>\nThe Exploited<br \/>\nDivlje jagode<br \/>\nLos Lobos<br \/>\nPips Chips Videoclips                <\/div>\n            <\/div>\n        <\/div>\n    <\/section>\n\n\t[\/vc_column][\/vc_row]<\/p>\n","protected":false},"excerpt":{"rendered":"<p>[\/vc_row]<\/p>\n","protected":false},"author":1,"featured_media":0,"parent":0,"menu_order":0,"comment_status":"closed","ping_status":"closed","template":"template-fullwidth.php","meta":{"footnotes":""},"class_list":["post-3023","page","type-page","status-publish","hentry"],"yoast_head":"<!-- This site is optimized with the Yoast SEO plugin v26.6 - https:\/\/yoast.com\/wordpress\/plugins\/seo\/ -->\n<title>About US - Didi sound<\/title>\n<meta name=\"robots\" content=\"index, follow, max-snippet:-1, max-image-preview:large, max-video-preview:-1\" \/>\n<link rel=\"canonical\" href=\"https:\/\/didi-sound.hr\/en\/about-us\/\" \/>\n<meta property=\"og:locale\" content=\"en_US\" \/>\n<meta property=\"og:type\" content=\"article\" \/>\n<meta property=\"og:title\" content=\"About US - Didi sound\" \/>\n<meta property=\"og:description\" content=\"[\/vc_row]\" \/>\n<meta property=\"og:url\" content=\"https:\/\/didi-sound.hr\/en\/about-us\/\" \/>\n<meta property=\"og:site_name\" content=\"Didi sound\" \/>\n<meta property=\"article:publisher\" content=\"https:\/\/www.facebook.com\/didisoundhr\/\" \/>\n<meta property=\"article:modified_time\" content=\"2021-05-31T20:13:49+00:00\" \/>\n<meta name=\"twitter:card\" content=\"summary_large_image\" \/>\n<meta name=\"twitter:label1\" content=\"Est. reading time\" \/>\n\t<meta name=\"twitter:data1\" content=\"2 minutes\" \/>\n<script type=\"application\/ld+json\" class=\"yoast-schema-graph\">{\"@context\":\"https:\/\/schema.org\",\"@graph\":[{\"@type\":\"WebPage\",\"@id\":\"https:\/\/didi-sound.hr\/en\/about-us\/\",\"url\":\"https:\/\/didi-sound.hr\/en\/about-us\/\",\"name\":\"About US - Didi sound\",\"isPartOf\":{\"@id\":\"https:\/\/didi-sound.hr\/#website\"},\"datePublished\":\"2021-05-21T19:51:46+00:00\",\"dateModified\":\"2021-05-31T20:13:49+00:00\",\"breadcrumb\":{\"@id\":\"https:\/\/didi-sound.hr\/en\/about-us\/#breadcrumb\"},\"inLanguage\":\"en-US\",\"potentialAction\":[{\"@type\":\"ReadAction\",\"target\":[\"https:\/\/didi-sound.hr\/en\/about-us\/\"]}]},{\"@type\":\"BreadcrumbList\",\"@id\":\"https:\/\/didi-sound.hr\/en\/about-us\/#breadcrumb\",\"itemListElement\":[{\"@type\":\"ListItem\",\"position\":1,\"name\":\"Po\u010detna stranica\",\"item\":\"https:\/\/didi-sound.hr\/en\/\"},{\"@type\":\"ListItem\",\"position\":2,\"name\":\"About US\"}]},{\"@type\":\"WebSite\",\"@id\":\"https:\/\/didi-sound.hr\/#website\",\"url\":\"https:\/\/didi-sound.hr\/\",\"name\":\"Didi sound - najam razglasa i rasvjete\",\"description\":\"Najam razglasa, rasvjete i audio opreme\",\"publisher\":{\"@id\":\"https:\/\/didi-sound.hr\/#organization\"},\"potentialAction\":[{\"@type\":\"SearchAction\",\"target\":{\"@type\":\"EntryPoint\",\"urlTemplate\":\"https:\/\/didi-sound.hr\/?s={search_term_string}\"},\"query-input\":{\"@type\":\"PropertyValueSpecification\",\"valueRequired\":true,\"valueName\":\"search_term_string\"}}],\"inLanguage\":\"en-US\"},{\"@type\":\"Organization\",\"@id\":\"https:\/\/didi-sound.hr\/#organization\",\"name\":\"Didi Sound\",\"url\":\"https:\/\/didi-sound.hr\/\",\"logo\":{\"@type\":\"ImageObject\",\"inLanguage\":\"en-US\",\"@id\":\"https:\/\/didi-sound.hr\/#\/schema\/logo\/image\/\",\"url\":\"https:\/\/didi-sound.hr\/wp-content\/uploads\/2019\/07\/didi-sound-logo-original.png\",\"contentUrl\":\"https:\/\/didi-sound.hr\/wp-content\/uploads\/2019\/07\/didi-sound-logo-original.png\",\"width\":480,\"height\":300,\"caption\":\"Didi Sound\"},\"image\":{\"@id\":\"https:\/\/didi-sound.hr\/#\/schema\/logo\/image\/\"},\"sameAs\":[\"https:\/\/www.facebook.com\/didisoundhr\/\"]}]}<\/script>\n<!-- \/ Yoast SEO plugin. -->","yoast_head_json":{"title":"About US - Didi sound","robots":{"index":"index","follow":"follow","max-snippet":"max-snippet:-1","max-image-preview":"max-image-preview:large","max-video-preview":"max-video-preview:-1"},"canonical":"https:\/\/didi-sound.hr\/en\/about-us\/","og_locale":"en_US","og_type":"article","og_title":"About US - Didi sound","og_description":"[\/vc_row]","og_url":"https:\/\/didi-sound.hr\/en\/about-us\/","og_site_name":"Didi sound","article_publisher":"https:\/\/www.facebook.com\/didisoundhr\/","article_modified_time":"2021-05-31T20:13:49+00:00","twitter_card":"summary_large_image","twitter_misc":{"Est. reading time":"2 minutes"},"schema":{"@context":"https:\/\/schema.org","@graph":[{"@type":"WebPage","@id":"https:\/\/didi-sound.hr\/en\/about-us\/","url":"https:\/\/didi-sound.hr\/en\/about-us\/","name":"About US - Didi sound","isPartOf":{"@id":"https:\/\/didi-sound.hr\/#website"},"datePublished":"2021-05-21T19:51:46+00:00","dateModified":"2021-05-31T20:13:49+00:00","breadcrumb":{"@id":"https:\/\/didi-sound.hr\/en\/about-us\/#breadcrumb"},"inLanguage":"en-US","potentialAction":[{"@type":"ReadAction","target":["https:\/\/didi-sound.hr\/en\/about-us\/"]}]},{"@type":"BreadcrumbList","@id":"https:\/\/didi-sound.hr\/en\/about-us\/#breadcrumb","itemListElement":[{"@type":"ListItem","position":1,"name":"Po\u010detna stranica","item":"https:\/\/didi-sound.hr\/en\/"},{"@type":"ListItem","position":2,"name":"About US"}]},{"@type":"WebSite","@id":"https:\/\/didi-sound.hr\/#website","url":"https:\/\/didi-sound.hr\/","name":"Didi sound - najam razglasa i rasvjete","description":"Najam razglasa, rasvjete i audio opreme","publisher":{"@id":"https:\/\/didi-sound.hr\/#organization"},"potentialAction":[{"@type":"SearchAction","target":{"@type":"EntryPoint","urlTemplate":"https:\/\/didi-sound.hr\/?s={search_term_string}"},"query-input":{"@type":"PropertyValueSpecification","valueRequired":true,"valueName":"search_term_string"}}],"inLanguage":"en-US"},{"@type":"Organization","@id":"https:\/\/didi-sound.hr\/#organization","name":"Didi Sound","url":"https:\/\/didi-sound.hr\/","logo":{"@type":"ImageObject","inLanguage":"en-US","@id":"https:\/\/didi-sound.hr\/#\/schema\/logo\/image\/","url":"https:\/\/didi-sound.hr\/wp-content\/uploads\/2019\/07\/didi-sound-logo-original.png","contentUrl":"https:\/\/didi-sound.hr\/wp-content\/uploads\/2019\/07\/didi-sound-logo-original.png","width":480,"height":300,"caption":"Didi Sound"},"image":{"@id":"https:\/\/didi-sound.hr\/#\/schema\/logo\/image\/"},"sameAs":["https:\/\/www.facebook.com\/didisoundhr\/"]}]}},"_links":{"self":[{"href":"https:\/\/didi-sound.hr\/en\/wp-json\/wp\/v2\/pages\/3023","targetHints":{"allow":["GET"]}}],"collection":[{"href":"https:\/\/didi-sound.hr\/en\/wp-json\/wp\/v2\/pages"}],"about":[{"href":"https:\/\/didi-sound.hr\/en\/wp-json\/wp\/v2\/types\/page"}],"author":[{"embeddable":true,"href":"https:\/\/didi-sound.hr\/en\/wp-json\/wp\/v2\/users\/1"}],"replies":[{"embeddable":true,"href":"https:\/\/didi-sound.hr\/en\/wp-json\/wp\/v2\/comments?post=3023"}],"version-history":[{"count":2,"href":"https:\/\/didi-sound.hr\/en\/wp-json\/wp\/v2\/pages\/3023\/revisions"}],"predecessor-version":[{"id":3083,"href":"https:\/\/didi-sound.hr\/en\/wp-json\/wp\/v2\/pages\/3023\/revisions\/3083"}],"wp:attachment":[{"href":"https:\/\/didi-sound.hr\/en\/wp-json\/wp\/v2\/media?parent=3023"}],"curies":[{"name":"wp","href":"https:\/\/api.w.org\/{rel}","templated":true}]}}